{"id":20453,"date":"2025-11-19T14:46:35","date_gmt":"2025-11-19T14:46:35","guid":{"rendered":"https:\/\/drogopharma.com\/product\/%ce%b1%ce%b3%ce%ba%ce%b1%ce%bb%ce%b9%ce%ad%cf%82-%ce%ba%ce%b1%ce%b9-%cf%86%ce%b9%ce%bb%ce%b9%ce%ac-jasmine\/"},"modified":"2025-11-19T14:46:35","modified_gmt":"2025-11-19T12:46:35","slug":"%ce%b1%ce%b3%ce%ba%ce%b1%ce%bb%ce%b9%ce%ad%cf%82-%ce%ba%ce%b1%ce%b9-%cf%86%ce%b9%ce%bb%ce%b9%ce%ac-jasmine","status":"publish","type":"product","link":"https:\/\/drogopharma.com\/el\/product\/%ce%b1%ce%b3%ce%ba%ce%b1%ce%bb%ce%b9%ce%ad%cf%82-%ce%ba%ce%b1%ce%b9-%cf%86%ce%b9%ce%bb%ce%b9%ce%ac-jasmine\/","title":{"rendered":"\u0391\u03b3\u03ba\u03b1\u03bb\u03b9\u03ad\u03c2 \u03ba\u03b1\u03b9 \u03c6\u03b9\u03bb\u03b9\u03ac Jasmine"},"content":{"rendered":"\n<div class=\"product-tabs\">\n<div class=\"product-tabs__sections\">\n<div class=\"tabs-content__wrapper product-tabs__tab-wrapper is-active\">\n<div class=\"product-tabs__section js-accordion \">\n<div class=\"product-tabs__content js-accordion-content\">\n<div class=\"content-zone\">\n<div id=\"ProductGallery-container\" class=\"ProductGallery-container\">\n<section class=\"ProductInformation\" aria-label=\"Product information\">\n<div class=\"ContentWrapper ProductInformation-Wrapper\">\n<div class=\"product-tabs\">\n<div class=\"product-tabs__sections\">\n<div class=\"tabs-content__wrapper product-tabs__tab-wrapper is-active\">\n<div class=\"product-tabs__section js-accordion \">\n<div class=\"product-tabs__content js-accordion-content\">\n<div class=\"content-zone\">\n<p>\u0388\u03bd\u03b1 \u03b2\u03bf\u03bb\u03b9\u03ba\u03cc \u03bd\u03c4\u03bf\u03c5\u03ad\u03c4\u03bf \u03b3\u03b9\u03b1 \u03b5\u03c3\u03ac\u03c2 \u03ae \u03c4\u03bf\u03c5\u03c2 \u03b1\u03b3\u03b1\u03c0\u03b7\u03bc\u03ad\u03bd\u03bf\u03c5\u03c2 \u03c3\u03b1\u03c2 \u03c3\u03b5 \u03ad\u03bd\u03b1 \u03c0\u03bf\u03bb\u03cd\u03c7\u03c1\u03c9\u03bc\u03bf \u03ba\u03b1\u03b9 \u03b3\u03b9\u03bf\u03c1\u03c4\u03b9\u03bd\u03cc \u03ba\u03bf\u03c5\u03c4\u03af \u03b4\u03ce\u03c1\u03bf\u03c5 , \u03b3\u03b9\u03b1 \u03b5\u03bd\u03c5\u03b4\u03ac\u03c4\u03c9\u03c3\u03b7 &amp; \u03b1\u03c0\u03b1\u03bb\u03cc\u03c4\u03b7\u03c4\u03b1 \u03c4\u03c9\u03bd \u03c7\u03b5\u03c1\u03b9\u03ce\u03bd &amp; \u03c4\u03c9\u03bd \u03c7\u03b5\u03b9\u03bb\u03b9\u03ce\u03bd.<\/p>\n<p>\u03a4\u03bf \u03c3\u03b5\u03c4 \u03c0\u03b5\u03c1\u03b9\u03ad\u03c7\u03b5\u03b9:<\/p>\n<ul>\n<li>\u0395\u03bd\u03c5\u03b4\u03b1\u03c4\u03b9\u03ba\u03ae \u03ba\u03c1\u03ad\u03bc\u03b1 \u03c7\u03b5\u03c1\u03b9\u03ce\u03bd \u03bc\u03b5 \u03b5\u03bb\u03b1\u03c6\u03c1\u03b9\u03ac \u03c5\u03c6\u03ae \u03bc\u03b5 \u03b3\u03b9\u03b1\u03c3\u03b5\u03bc\u03af &amp; \u03c0\u03c1\u03cc\u03c0\u03bf\u03bb\u03b7 (50ml): \u0394\u03b9\u03b1\u03c4\u03b7\u03c1\u03b5\u03af \u03c4\u03b7 \u03c6\u03c5\u03c3\u03b9\u03ba\u03ae \u03b5\u03bd\u03c5\u03b4\u03ac\u03c4\u03c9\u03c3\u03b7 \u03ba\u03b1\u03b9 \u03b5\u03bd\u03c5\u03b4\u03b1\u03c4\u03ce\u03bd\u03b5\u03b9 \u03c4\u03b1 \u03c7\u03ad\u03c1\u03b9\u03b1 \u03ba\u03b1\u03b9 \u03c4\u03b1 \u03bd\u03cd\u03c7\u03b9\u03b1, \u03b5\u03bd\u03ce \u03b1\u03c6\u03ae\u03bd\u03b5\u03b9 \u03c4\u03bf \u03b4\u03ad\u03c1\u03bc\u03b1 \u03b1\u03c0\u03b1\u03bb\u03cc \u03ba\u03b1\u03b9 \u03b5\u03bb\u03b1\u03c6\u03c1\u03ce\u03c2 \u03b1\u03c1\u03c9\u03bc\u03b1\u03c4\u03b9\u03c3\u03bc\u03ad\u03bd\u03bf \u03bc\u03b5 \u03bd\u03cc\u03c4\u03b5\u03c2 \u03b3\u03b9\u03b1\u03c3\u03b5\u03bc\u03b9\u03bf\u03cd.<\/li>\n<li>\u03a6\u03c1\u03bf\u03bd\u03c4\u03af\u03b4\u03b1 \u03c7\u03b5\u03b9\u03bb\u03b9\u03ce\u03bd \u03bc\u03b5 \u03bc\u03b1\u03cd\u03c1\u03b7 \u03c3\u03c4\u03b1\u03c6\u03af\u03b4\u03b1 (4,4g): \u03a0\u03c1\u03bf\u03bb\u03b1\u03bc\u03b2\u03ac\u03bd\u03b5\u03b9 \u03c4\u03b1 \u03be\u03b7\u03c1\u03ac \u03c7\u03b5\u03af\u03bb\u03b7 \u03ba\u03b1\u03b9 \u03c0\u03c1\u03bf\u03c3\u03c6\u03ad\u03c1\u03b5\u03b9 \u03b1\u03c0\u03b1\u03bb\u03ac, \u03b5\u03bd\u03c5\u03b4\u03b1\u03c4\u03c9\u03bc\u03ad\u03bd\u03b1 \u03ba\u03b1\u03b9 \u03bb\u03b1\u03bc\u03c0\u03b5\u03c1\u03ac \u03c7\u03b5\u03af\u03bb\u03b7.<\/li>\n<\/ul>\n<p>\u0397 APIVITA \u03c5\u03c0\u03bf\u03c3\u03c4\u03b7\u03c1\u03af\u03b6\u03b5\u03b9 \u03c4\u03b7\u03bd \u03ba\u03af\u03bd\u03b7\u03c3\u03b7 \u03c0\u03c1\u03bf\u03c2 \u03ad\u03bd\u03b1 \u03c0\u03b9\u03bf \u03c0\u03c1\u03ac\u03c3\u03b9\u03bd\u03bf, \u03c0\u03b9\u03bf \u03b2\u03b9\u03ce\u03c3\u03b9\u03bc\u03bf \u03bc\u03ad\u03bb\u03bb\u03bf\u03bd. \u03a4\u03bf \u03c7\u03ac\u03c1\u03c4\u03b9\u03bd\u03bf \u03ba\u03bf\u03c5\u03c4\u03af \u03ba\u03b1\u03b9 \u03b7 \u03b8\u03ae\u03ba\u03b7 \u03b5\u03af\u03bd\u03b1\u03b9 \u03c0\u03b9\u03c3\u03c4\u03bf\u03c0\u03bf\u03b9\u03b7\u03bc\u03ad\u03bd\u03b1 FSC. <\/p>\n<\/div>\n<\/div>\n<\/div>\n<\/div>\n<\/div>\n<\/div>\n<\/div>\n<\/section>\n<\/div>\n<\/div>\n<\/div>\n<\/div>\n<\/div>\n<\/div>\n<\/div>\n<div class=\"product-tabs\">\n<div class=\"product-tabs__sections\">\n<div class=\"tabs-content__wrapper product-tabs__tab-wrapper is-active\">\n<div class=\"product-tabs__section js-accordion \">\n<div class=\"product-tabs__content js-accordion-content\">\n<div class=\"content-zone\">\n<p>\u039a\u03c1\u03ad\u03bc\u03b1 \u03c7\u03b5\u03c1\u03b9\u03ce\u03bd \u0395\u03bd\u03c5\u03b4\u03b1\u03c4\u03b9\u03ba\u03ae \u0393\u03b9\u03b1\u03c3\u03b5\u03bc\u03af &amp; \u03a0\u03c1\u03cc\u03c0\u03bf\u03bb\u03b7 50ml<\/p>\n<p>\u0395\u03c6\u03b1\u03c1\u03bc\u03cc\u03c3\u03c4\u03b5 \u03bc\u03b9\u03b1 \u03b5\u03c0\u03b1\u03c1\u03ba\u03ae \u03c0\u03bf\u03c3\u03cc\u03c4\u03b7\u03c4\u03b1 \u03c3\u03c4\u03b1 \u03c7\u03ad\u03c1\u03b9\u03b1 \u03ba\u03b1\u03b9 \u03b5\u03c0\u03b1\u03bd\u03b1\u03bb\u03ac\u03b2\u03b5\u03c4\u03b5 \u03cc\u03c3\u03bf \u03c3\u03c5\u03c7\u03bd\u03ac \u03c7\u03c1\u03b5\u03b9\u03ac\u03b6\u03b5\u03c4\u03b1\u03b9.<\/p>\n<p>\u039c\u03cc\u03bd\u03bf \u03b3\u03b9\u03b1 \u03b5\u03be\u03c9\u03c4\u03b5\u03c1\u03b9\u03ba\u03ae \u03c7\u03c1\u03ae\u03c3\u03b7.<\/p>\n<p>\u03a6\u03c1\u03bf\u03bd\u03c4\u03af\u03b4\u03b1 \u03c7\u03b5\u03b9\u03bb\u03b9\u03ce\u03bd \u039c\u03b1\u03cd\u03c1\u03b7 \u03a3\u03c4\u03b1\u03c6\u03af\u03b4\u03b1 4,4g<\/p>\n<p>\u0395\u03c6\u03b1\u03c1\u03bc\u03cc\u03c3\u03c4\u03b5 \u03bc\u03b9\u03b1 \u03b3\u03b5\u03bd\u03bd\u03b1\u03b9\u03cc\u03b4\u03c9\u03c1\u03b7 \u03c0\u03bf\u03c3\u03cc\u03c4\u03b7\u03c4\u03b1 \u03c3\u03c4\u03b1 \u03c7\u03b5\u03af\u03bb\u03b7, \u03cc\u03c3\u03bf \u03c3\u03c5\u03c7\u03bd\u03ac \u03c7\u03c1\u03b5\u03b9\u03ac\u03b6\u03b5\u03c4\u03b1\u03b9.<\/p>\n<\/div>\n<\/div>\n<\/div>\n<\/div>\n<\/div>\n<\/div>\n<div class=\"product-tabs\">\n<div class=\"product-tabs__sections\">\n<div class=\"tabs-content__wrapper product-tabs__tab-wrapper is-active\">\n<div class=\"product-tabs__section js-accordion \">\n<div class=\"product-tabs__content js-accordion-content\">\n<div class=\"content-zone\">\n<p>\u039a\u03c1\u03ad\u03bc\u03b1 \u03c7\u03b5\u03c1\u03b9\u03ce\u03bd \u0395\u03bd\u03c5\u03b4\u03b1\u03c4\u03b9\u03ba\u03ae \u0393\u03b9\u03b1\u03c3\u03b5\u03bc\u03af &amp; \u03a0\u03c1\u03cc\u03c0\u03bf\u03bb\u03b7 50ml<\/p>\n<p>\u03a3\u03c5\u03c3\u03c4\u03b1\u03c4\u03b9\u03ba\u03ac: Cetaaryl Alcohol, Panthenol, Glycerin, Propanediol Dicaprylate, Cera Alba\/Beeswax\/Cire d&#8217;abeille*, Butyrospermum Parkii (Shea) Butter*, Theobroma Cacao (Cocoa) Seed Butter, Glyceryl Stearate, Jasminum Grandiflorum (Jasmine) Flower Extract, Mel\/Honey\/Miel, Propolis Extract, Olea Europaea (Olive) Fruit Oil*, Aloe Barbadensis Leaf Juice Powder*, Sideritis Perfoliata Flower\/Leaf\/Stem* Extract, Sideritis Scardica Flower\/Leaf\/Stem* Extract, Sideritis Raeseri Flower\/Leaf\/Stem* Extract, Hydroxypropyl Cyclodextrin, Helianthus Annuus (Sunflower) Seed Oil*, Persea Gratissima (Avocado) Oil, Aqua\/Water\/Eau, Olea Europaea (Olive) Fruit Oil, Tocopherol, Tocopheryl Acetate, \u03a6\u03c5\u03c4\u03bf\u03c3\u03c4\u03b5\u03c1\u03cc\u03bb\u03b5\u03c2, \u0392\u03b9\u03bf\u03c4\u03af\u03bd\u03b7, \u0391\u03b9\u03b8\u03c5\u03bb\u03b5\u03be\u03c5\u03bb\u03bf\u03b3\u03bb\u03c5\u03ba\u03b5\u03c1\u03af\u03bd\u03b7, \u03a5\u03b4\u03c1\u03bf\u03be\u03b5\u03af\u03b4\u03b9\u03bf \u03c4\u03bf\u03c5 \u03bd\u03b1\u03c4\u03c1\u03af\u03bf\u03c5, Disodium EDTA, Sodium Cetearyl Sulfate, Hydroxyacetophenone, Parfum\/Fragrance, Linalool, Hexyl Cinnamal, Hydroxycitronellal, Benzyl Salicylate, Citronellol.<\/p>\n<p>* \u0392\u03b9\u03bf\u03bb\u03bf\u03b3\u03b9\u03ba\u03ae \u03ba\u03b1\u03bb\u03bb\u03b9\u03ad\u03c1\u03b3\u03b5\u03b9\u03b1\/ Issu de l&#8217;agriculture biologique, ** Sideritis Perfoliata\/Scardica\/Raeseri \u0386\u03bd\u03b8\u03bf\u03c2\/\u03c6\u03cd\u03bb\u03bb\u03bf\/\u03c3\u03c4\u03ad\u03bb\u03b5\u03c7\u03bf\u03c2* \u03a5\u03b4\u03b1\u03c4\u03b9\u03ba\u03cc \u03ad\u03b3\u03c7\u03c5\u03bc\u03b1 = \u039d\u03b5\u03c1\u03cc \u03b5\u03bb\u03bb\u03b7\u03bd\u03b9\u03ba\u03bf\u03cd \u03c4\u03c3\u03b1\u03b3\u03b9\u03bf\u03cd \u03c4\u03c9\u03bd \u03b2\u03bf\u03c5\u03bd\u03ce\u03bd\/ Infusion de th\u00e9 grec des montagnes (3 esp\u00e8ces diff\u00e8rentes)<\/p>\n<p>\u03a6\u03c1\u03bf\u03bd\u03c4\u03af\u03b4\u03b1 \u03c7\u03b5\u03b9\u03bb\u03b9\u03ce\u03bd \u039c\u03b1\u03cd\u03c1\u03b7 \u03c3\u03c4\u03b1\u03c6\u03af\u03b4\u03b1 4.4g<\/p>\n<p>\u03a3\u03c5\u03c3\u03c4\u03b1\u03c4\u03b9\u03ba\u03ac: \u039f\u03bb\u03b5\u03cb\u03bb\u03b9\u03ba\u03ae \u03b1\u03bb\u03ba\u03bf\u03cc\u03bb\u03b7, \u0394\u03b9\u03b9\u03c3\u03bf\u03c0\u03c1\u03bf\u03c0\u03c5\u03bb\u03bf\u03b4\u03b9\u03bc\u03b5\u03c1\u03bf\u03b4\u03b9\u03bb\u03b9\u03bd\u03bf\u03bb\u03b5\u03c3\u03c4\u03ad\u03c1\u03b1\u03c2, \u0388\u03bb\u03b1\u03b9\u03bf \u03c3\u03c0\u03cc\u03c1\u03c9\u03bd Ricinus Communis (Castor)*, \u039a\u03b5\u03c1\u03af \u03c3\u03c0\u03cc\u03c1\u03c9\u03bd Helianthus Annuus (Helianthus Annuus), \u03a5\u03b4\u03c1\u03bf\u03b3\u03bf\u03bd\u03c9\u03bc\u03ad\u03bd\u03bf \u03a1\u03bf\u03b6\u03b9\u03bd\u03b9\u03ba\u03cc \u0393\u03bb\u03c5\u03ba\u03b5\u03c1\u03cd\u03bb\u03b9\u03bf, \u0392\u03bf\u03cd\u03c4\u03c5\u03c1\u03bf Butyrospermum Parkii (Shea)*, \u039a\u03b1\u03c0\u03c1\u03c5\u03bb\u03b9\u03ba\u03cc\/\u039a\u03b1\u03c0\u03c1\u03b9\u03ba\u03cc \u03a4\u03c1\u03b9\u03b3\u03bb\u03c5\u03ba\u03b5\u03c1\u03af\u03b4\u03b9\u03bf, Theobroma Cacao (\u039a\u03b1\u03ba\u03ac\u03bf) Seed Butter, Copernicia Cerifera Cera\/Copernicia Cerifera (Carnauba) Wax\/Cire de Carnauba, Cera Alba\/Beeswax\/Cire d&#8217;Abeille*, Tricaprylin, Cetyl Esters, Jojoba Esters, Hydrogenated Olive Oil Cetyl Esters, Aroma\/Flavor, Olea Europaea (Olive) Fruit Oil*, Magnolia Officinalis Bark Extract, Alkanna Tinctoria Root Extract, Persea Gratissima (Avocado) Oil, Ribes Nigrum (Black Currant) Seed Oil, Olea Europaea (Olive) Fruit Oil, Pelargonium Graveolens Flower Oil*, Phytosterols, Tocopherol, Aluminum Hydroxide, \u0388\u03bb\u03b1\u03b9\u03bf \u03c3\u03c0\u03cc\u03c1\u03c9\u03bd Helianthus Annuus (\u03b7\u03bb\u03af\u03b1\u03bd\u03b8\u03bf\u03c2)*, Sorbitan Oleate, Hydrogenated Palm Glycerides Citrate, Tocopheryl Acetate, Ascorbyl Palmitate, Linalool, Citronellol, Limonene, Amyl Cinnamal, Geraniol, Citral, Hexyl Cinnamal, Benzyl Benzoate, Benzyl Alcohol, CI 17200\/Red 33 Lake, CI 15850\/Red 7.<\/p>\n<p>* \u0392\u03b9\u03bf\u03bb\u03bf\u03b3\u03b9\u03ba\u03ae \u03ba\u03b1\u03bb\u03bb\u03b9\u03ad\u03c1\u03b3\u03b5\u03b9\u03b1\/Issu de l&#8217;agriculture biologique<\/p>\n<\/div>\n<\/div>\n<\/div>\n<\/div>\n<\/div>\n<\/div>\n","protected":false},"excerpt":{"rendered":"<div class=\"product-info__wrapper\">\n<div class=\"product-info__number\">\n<div class=\"product-info__wrapper\">\n<div class=\"product-info__number\">\n<div class=\"product-info__wrapper\">\n<div class=\"product-info__number\">\n<div class=\"product-info__wrapper\">\n<div class=\"product-info__number\">\n<div class=\"product-info__wrapper\">\n<div class=\"product-info__number\">\n<div class=\"product-info__wrapper\">\n<div class=\"product-info__number\">\n<div class=\"product-info__wrapper\">\n<div class=\"product-info__number\"><strong>99% \u03c3\u03c5\u03c3\u03c4\u03b1\u03c4\u03b9\u03ba\u03ac \u03c6\u03c5\u03c3\u03b9\u03ba\u03ae\u03c2 \u03c0\u03c1\u03bf\u03ad\u03bb\u03b5\u03c5\u03c3\u03b7\u03c2<\/strong><\/div>\n<\/div>\n<section class=\"ProductActions-Section ProductActions-Section_type_short product-info__description\" aria-label=\"Product short description\">\n<div class=\"ProductActions-ShortDescription\">\n<div>\n<p>\u03a7\u0395\u03a1\u0399\u0391 &amp; \u03a7\u0395\u0399\u039b\u0399\u0391: \u039a\u03c1\u03ad\u03bc\u03b1 \u03c7\u03b5\u03c1\u03b9\u03ce\u03bd \u0395\u03bd\u03c5\u03b4\u03b1\u03c4\u03b9\u03ba\u03ae \u0393\u03b9\u03b1\u03c3\u03b5\u03bc\u03af &amp; \u03a0\u03c1\u03cc\u03c0\u03bf\u03bb\u03b7 + \u03a6\u03c1\u03bf\u03bd\u03c4\u03af\u03b4\u03b1 \u03c7\u03b5\u03b9\u03bb\u03b9\u03ce\u03bd \u039c\u03b1\u03cd\u03c1\u03b7 \u03a3\u03c4\u03b1\u03c6\u03af\u03b4\u03b1 \u03c3\u03b5 \u03b5\u03b9\u03b4\u03b9\u03ba\u03ae \u03c4\u03b9\u03bc\u03ae.<\/p>\n<\/div>\n<\/div>\n<\/section>\n<\/div>\n<\/div>\n<\/div>\n<\/div>\n<\/div>\n<\/div>\n<\/div>\n<\/div>\n<\/div>\n<\/div>\n<\/div>\n<\/div>\n","protected":false},"featured_media":19420,"template":"","meta":{"_acf_changed":false},"product_brand":[],"product_cat":[445,464,269,265,447,462],"product_tag":[],"giftcard-category":[],"class_list":{"0":"post-20453","1":"product","2":"type-product","3":"status-publish","4":"has-post-thumbnail","6":"product_cat-apivita","7":"product_cat-464","8":"product_cat-269","9":"product_cat-265","10":"product_cat-447","11":"product_cat---2","14":"instock","15":"shipping-taxable","16":"purchasable","17":"product-type-simple","18":"product-grid-view"},"acf":[],"yoast_head":"<!-- This site is optimized with the Yoast SEO plugin v27.3 - https:\/\/yoast.com\/product\/yoast-seo-wordpress\/ -->\n<title>\u0391\u03b3\u03ba\u03b1\u03bb\u03b9\u03ad\u03c2 \u03ba\u03b1\u03b9 \u03c6\u03b9\u03bb\u03b9\u03ac Jasmine - Drogopharma Health &amp; Beauty<\/title>\n<meta name=\"robots\" content=\"index, follow, max-snippet:-1, max-image-preview:large, max-video-preview:-1\" \/>\n<link rel=\"canonical\" href=\"https:\/\/drogopharma.com\/product\/\u03b1\u03b3\u03ba\u03b1\u03bb\u03b9\u03ad\u03c2-\u03ba\u03b1\u03b9-\u03c6\u03b9\u03bb\u03b9\u03ac-jasmine\/\" \/>\n<meta property=\"og:locale\" content=\"el_GR\" \/>\n<meta property=\"og:type\" content=\"article\" \/>\n<meta property=\"og:title\" content=\"\u0391\u03b3\u03ba\u03b1\u03bb\u03b9\u03ad\u03c2 \u03ba\u03b1\u03b9 \u03c6\u03b9\u03bb\u03b9\u03ac Jasmine - Drogopharma Health &amp; Beauty\" \/>\n<meta property=\"og:description\" content=\"99% \u03c3\u03c5\u03c3\u03c4\u03b1\u03c4\u03b9\u03ba\u03ac \u03c6\u03c5\u03c3\u03b9\u03ba\u03ae\u03c2 \u03c0\u03c1\u03bf\u03ad\u03bb\u03b5\u03c5\u03c3\u03b7\u03c2   \u03a7\u0395\u03a1\u0399\u0391 &amp; \u03a7\u0395\u0399\u039b\u0399\u0391: \u039a\u03c1\u03ad\u03bc\u03b1 \u03c7\u03b5\u03c1\u03b9\u03ce\u03bd \u0395\u03bd\u03c5\u03b4\u03b1\u03c4\u03b9\u03ba\u03ae \u0393\u03b9\u03b1\u03c3\u03b5\u03bc\u03af &amp; \u03a0\u03c1\u03cc\u03c0\u03bf\u03bb\u03b7 + \u03a6\u03c1\u03bf\u03bd\u03c4\u03af\u03b4\u03b1 \u03c7\u03b5\u03b9\u03bb\u03b9\u03ce\u03bd \u039c\u03b1\u03cd\u03c1\u03b7 \u03a3\u03c4\u03b1\u03c6\u03af\u03b4\u03b1 \u03c3\u03b5 \u03b5\u03b9\u03b4\u03b9\u03ba\u03ae \u03c4\u03b9\u03bc\u03ae.\" \/>\n<meta property=\"og:url\" content=\"https:\/\/drogopharma.com\/product\/\u03b1\u03b3\u03ba\u03b1\u03bb\u03b9\u03ad\u03c2-\u03ba\u03b1\u03b9-\u03c6\u03b9\u03bb\u03b9\u03ac-jasmine\/\" \/>\n<meta property=\"og:site_name\" content=\"Drogopharma Health &amp; Beauty\" \/>\n<meta property=\"article:publisher\" content=\"https:\/\/www.facebook.com\/drogopharma.health.beauty\/\" \/>\n<meta name=\"twitter:card\" content=\"summary_large_image\" \/>\n<meta name=\"twitter:label1\" content=\"\u0395\u03ba\u03c4\u03b9\u03bc\u03ce\u03bc\u03b5\u03bd\u03bf\u03c2 \u03c7\u03c1\u03cc\u03bd\u03bf\u03c2 \u03b1\u03bd\u03ac\u03b3\u03bd\u03c9\u03c3\u03b7\u03c2\" \/>\n\t<meta name=\"twitter:data1\" content=\"2 \u03bb\u03b5\u03c0\u03c4\u03ac\" \/>\n<script type=\"application\/ld+json\" class=\"yoast-schema-graph\">{\"@context\":\"https:\\\/\\\/schema.org\",\"@graph\":[{\"@type\":\"WebPage\",\"@id\":\"https:\\\/\\\/drogopharma.com\\\/product\\\/%ce%b1%ce%b3%ce%ba%ce%b1%ce%bb%ce%b9%ce%ad%cf%82-%ce%ba%ce%b1%ce%b9-%cf%86%ce%b9%ce%bb%ce%b9%ce%ac-jasmine\\\/\",\"url\":\"https:\\\/\\\/drogopharma.com\\\/product\\\/%ce%b1%ce%b3%ce%ba%ce%b1%ce%bb%ce%b9%ce%ad%cf%82-%ce%ba%ce%b1%ce%b9-%cf%86%ce%b9%ce%bb%ce%b9%ce%ac-jasmine\\\/\",\"name\":\"\u0391\u03b3\u03ba\u03b1\u03bb\u03b9\u03ad\u03c2 \u03ba\u03b1\u03b9 \u03c6\u03b9\u03bb\u03b9\u03ac Jasmine - Drogopharma Health &amp; Beauty\",\"isPartOf\":{\"@id\":\"https:\\\/\\\/drogopharma.com\\\/#website\"},\"primaryImageOfPage\":{\"@id\":\"https:\\\/\\\/drogopharma.com\\\/product\\\/%ce%b1%ce%b3%ce%ba%ce%b1%ce%bb%ce%b9%ce%ad%cf%82-%ce%ba%ce%b1%ce%b9-%cf%86%ce%b9%ce%bb%ce%b9%ce%ac-jasmine\\\/#primaryimage\"},\"image\":{\"@id\":\"https:\\\/\\\/drogopharma.com\\\/product\\\/%ce%b1%ce%b3%ce%ba%ce%b1%ce%bb%ce%b9%ce%ad%cf%82-%ce%ba%ce%b1%ce%b9-%cf%86%ce%b9%ce%bb%ce%b9%ce%ac-jasmine\\\/#primaryimage\"},\"thumbnailUrl\":\"https:\\\/\\\/drogopharma.com\\\/wp-content\\\/uploads\\\/2025\\\/12\\\/Site_65225413-PRO-XM-HAND-JASM-LIP-BL.CUR25-copy.jpg\",\"datePublished\":\"2025-11-19T14:46:35+00:00\",\"breadcrumb\":{\"@id\":\"https:\\\/\\\/drogopharma.com\\\/product\\\/%ce%b1%ce%b3%ce%ba%ce%b1%ce%bb%ce%b9%ce%ad%cf%82-%ce%ba%ce%b1%ce%b9-%cf%86%ce%b9%ce%bb%ce%b9%ce%ac-jasmine\\\/#breadcrumb\"},\"inLanguage\":\"el\",\"potentialAction\":[{\"@type\":\"ReadAction\",\"target\":[\"https:\\\/\\\/drogopharma.com\\\/product\\\/%ce%b1%ce%b3%ce%ba%ce%b1%ce%bb%ce%b9%ce%ad%cf%82-%ce%ba%ce%b1%ce%b9-%cf%86%ce%b9%ce%bb%ce%b9%ce%ac-jasmine\\\/\"]}]},{\"@type\":\"ImageObject\",\"inLanguage\":\"el\",\"@id\":\"https:\\\/\\\/drogopharma.com\\\/product\\\/%ce%b1%ce%b3%ce%ba%ce%b1%ce%bb%ce%b9%ce%ad%cf%82-%ce%ba%ce%b1%ce%b9-%cf%86%ce%b9%ce%bb%ce%b9%ce%ac-jasmine\\\/#primaryimage\",\"url\":\"https:\\\/\\\/drogopharma.com\\\/wp-content\\\/uploads\\\/2025\\\/12\\\/Site_65225413-PRO-XM-HAND-JASM-LIP-BL.CUR25-copy.jpg\",\"contentUrl\":\"https:\\\/\\\/drogopharma.com\\\/wp-content\\\/uploads\\\/2025\\\/12\\\/Site_65225413-PRO-XM-HAND-JASM-LIP-BL.CUR25-copy.jpg\",\"width\":1600,\"height\":1600},{\"@type\":\"BreadcrumbList\",\"@id\":\"https:\\\/\\\/drogopharma.com\\\/product\\\/%ce%b1%ce%b3%ce%ba%ce%b1%ce%bb%ce%b9%ce%ad%cf%82-%ce%ba%ce%b1%ce%b9-%cf%86%ce%b9%ce%bb%ce%b9%ce%ac-jasmine\\\/#breadcrumb\",\"itemListElement\":[{\"@type\":\"ListItem\",\"position\":1,\"name\":\"Home\",\"item\":\"https:\\\/\\\/drogopharma.com\\\/el\\\/\"},{\"@type\":\"ListItem\",\"position\":2,\"name\":\"\u039a\u03b1\u03c4\u03ac\u03c3\u03c4\u03b7\u03bc\u03b1\",\"item\":\"https:\\\/\\\/drogopharma.com\\\/el\\\/%ce%ba%ce%b1%cf%84%ce%ac%cf%83%cf%84%ce%b7%ce%bc%ce%b1\\\/\"},{\"@type\":\"ListItem\",\"position\":3,\"name\":\"\u0391\u03b3\u03ba\u03b1\u03bb\u03b9\u03ad\u03c2 \u03ba\u03b1\u03b9 \u03c6\u03b9\u03bb\u03b9\u03ac Jasmine\"}]},{\"@type\":\"WebSite\",\"@id\":\"https:\\\/\\\/drogopharma.com\\\/#website\",\"url\":\"https:\\\/\\\/drogopharma.com\\\/\",\"name\":\"Drogopharma Health & Beauty\",\"description\":\"Drogopharma was founded in 1996, it is operates in importing health and beauty products, with main focus the import of natural products.\",\"publisher\":{\"@id\":\"https:\\\/\\\/drogopharma.com\\\/#organization\"},\"potentialAction\":[{\"@type\":\"SearchAction\",\"target\":{\"@type\":\"EntryPoint\",\"urlTemplate\":\"https:\\\/\\\/drogopharma.com\\\/?s={search_term_string}\"},\"query-input\":{\"@type\":\"PropertyValueSpecification\",\"valueRequired\":true,\"valueName\":\"search_term_string\"}}],\"inLanguage\":\"el\"},{\"@type\":\"Organization\",\"@id\":\"https:\\\/\\\/drogopharma.com\\\/#organization\",\"name\":\"Drogopharma Health & Beauty\",\"url\":\"https:\\\/\\\/drogopharma.com\\\/\",\"logo\":{\"@type\":\"ImageObject\",\"inLanguage\":\"el\",\"@id\":\"https:\\\/\\\/drogopharma.com\\\/#\\\/schema\\\/logo\\\/image\\\/\",\"url\":\"https:\\\/\\\/drogopharma.com\\\/wp-content\\\/uploads\\\/2026\\\/01\\\/cropped-logo-30-years_white.png\",\"contentUrl\":\"https:\\\/\\\/drogopharma.com\\\/wp-content\\\/uploads\\\/2026\\\/01\\\/cropped-logo-30-years_white.png\",\"width\":890,\"height\":481,\"caption\":\"Drogopharma Health & Beauty\"},\"image\":{\"@id\":\"https:\\\/\\\/drogopharma.com\\\/#\\\/schema\\\/logo\\\/image\\\/\"},\"sameAs\":[\"https:\\\/\\\/www.facebook.com\\\/drogopharma.health.beauty\\\/\",\"https:\\\/\\\/www.linkedin.com\\\/company\\\/drogopharma-health-beauty\\\/\"]}]}<\/script>\n<!-- \/ Yoast SEO plugin. -->","yoast_head_json":{"title":"\u0391\u03b3\u03ba\u03b1\u03bb\u03b9\u03ad\u03c2 \u03ba\u03b1\u03b9 \u03c6\u03b9\u03bb\u03b9\u03ac Jasmine - Drogopharma Health &amp; Beauty","robots":{"index":"index","follow":"follow","max-snippet":"max-snippet:-1","max-image-preview":"max-image-preview:large","max-video-preview":"max-video-preview:-1"},"canonical":"https:\/\/drogopharma.com\/product\/\u03b1\u03b3\u03ba\u03b1\u03bb\u03b9\u03ad\u03c2-\u03ba\u03b1\u03b9-\u03c6\u03b9\u03bb\u03b9\u03ac-jasmine\/","og_locale":"el_GR","og_type":"article","og_title":"\u0391\u03b3\u03ba\u03b1\u03bb\u03b9\u03ad\u03c2 \u03ba\u03b1\u03b9 \u03c6\u03b9\u03bb\u03b9\u03ac Jasmine - Drogopharma Health &amp; Beauty","og_description":"99% \u03c3\u03c5\u03c3\u03c4\u03b1\u03c4\u03b9\u03ba\u03ac \u03c6\u03c5\u03c3\u03b9\u03ba\u03ae\u03c2 \u03c0\u03c1\u03bf\u03ad\u03bb\u03b5\u03c5\u03c3\u03b7\u03c2   \u03a7\u0395\u03a1\u0399\u0391 &amp; \u03a7\u0395\u0399\u039b\u0399\u0391: \u039a\u03c1\u03ad\u03bc\u03b1 \u03c7\u03b5\u03c1\u03b9\u03ce\u03bd \u0395\u03bd\u03c5\u03b4\u03b1\u03c4\u03b9\u03ba\u03ae \u0393\u03b9\u03b1\u03c3\u03b5\u03bc\u03af &amp; \u03a0\u03c1\u03cc\u03c0\u03bf\u03bb\u03b7 + \u03a6\u03c1\u03bf\u03bd\u03c4\u03af\u03b4\u03b1 \u03c7\u03b5\u03b9\u03bb\u03b9\u03ce\u03bd \u039c\u03b1\u03cd\u03c1\u03b7 \u03a3\u03c4\u03b1\u03c6\u03af\u03b4\u03b1 \u03c3\u03b5 \u03b5\u03b9\u03b4\u03b9\u03ba\u03ae \u03c4\u03b9\u03bc\u03ae.","og_url":"https:\/\/drogopharma.com\/product\/\u03b1\u03b3\u03ba\u03b1\u03bb\u03b9\u03ad\u03c2-\u03ba\u03b1\u03b9-\u03c6\u03b9\u03bb\u03b9\u03ac-jasmine\/","og_site_name":"Drogopharma Health &amp; Beauty","article_publisher":"https:\/\/www.facebook.com\/drogopharma.health.beauty\/","twitter_card":"summary_large_image","twitter_misc":{"\u0395\u03ba\u03c4\u03b9\u03bc\u03ce\u03bc\u03b5\u03bd\u03bf\u03c2 \u03c7\u03c1\u03cc\u03bd\u03bf\u03c2 \u03b1\u03bd\u03ac\u03b3\u03bd\u03c9\u03c3\u03b7\u03c2":"2 \u03bb\u03b5\u03c0\u03c4\u03ac"},"schema":{"@context":"https:\/\/schema.org","@graph":[{"@type":"WebPage","@id":"https:\/\/drogopharma.com\/product\/%ce%b1%ce%b3%ce%ba%ce%b1%ce%bb%ce%b9%ce%ad%cf%82-%ce%ba%ce%b1%ce%b9-%cf%86%ce%b9%ce%bb%ce%b9%ce%ac-jasmine\/","url":"https:\/\/drogopharma.com\/product\/%ce%b1%ce%b3%ce%ba%ce%b1%ce%bb%ce%b9%ce%ad%cf%82-%ce%ba%ce%b1%ce%b9-%cf%86%ce%b9%ce%bb%ce%b9%ce%ac-jasmine\/","name":"\u0391\u03b3\u03ba\u03b1\u03bb\u03b9\u03ad\u03c2 \u03ba\u03b1\u03b9 \u03c6\u03b9\u03bb\u03b9\u03ac Jasmine - Drogopharma Health &amp; Beauty","isPartOf":{"@id":"https:\/\/drogopharma.com\/#website"},"primaryImageOfPage":{"@id":"https:\/\/drogopharma.com\/product\/%ce%b1%ce%b3%ce%ba%ce%b1%ce%bb%ce%b9%ce%ad%cf%82-%ce%ba%ce%b1%ce%b9-%cf%86%ce%b9%ce%bb%ce%b9%ce%ac-jasmine\/#primaryimage"},"image":{"@id":"https:\/\/drogopharma.com\/product\/%ce%b1%ce%b3%ce%ba%ce%b1%ce%bb%ce%b9%ce%ad%cf%82-%ce%ba%ce%b1%ce%b9-%cf%86%ce%b9%ce%bb%ce%b9%ce%ac-jasmine\/#primaryimage"},"thumbnailUrl":"https:\/\/drogopharma.com\/wp-content\/uploads\/2025\/12\/Site_65225413-PRO-XM-HAND-JASM-LIP-BL.CUR25-copy.jpg","datePublished":"2025-11-19T14:46:35+00:00","breadcrumb":{"@id":"https:\/\/drogopharma.com\/product\/%ce%b1%ce%b3%ce%ba%ce%b1%ce%bb%ce%b9%ce%ad%cf%82-%ce%ba%ce%b1%ce%b9-%cf%86%ce%b9%ce%bb%ce%b9%ce%ac-jasmine\/#breadcrumb"},"inLanguage":"el","potentialAction":[{"@type":"ReadAction","target":["https:\/\/drogopharma.com\/product\/%ce%b1%ce%b3%ce%ba%ce%b1%ce%bb%ce%b9%ce%ad%cf%82-%ce%ba%ce%b1%ce%b9-%cf%86%ce%b9%ce%bb%ce%b9%ce%ac-jasmine\/"]}]},{"@type":"ImageObject","inLanguage":"el","@id":"https:\/\/drogopharma.com\/product\/%ce%b1%ce%b3%ce%ba%ce%b1%ce%bb%ce%b9%ce%ad%cf%82-%ce%ba%ce%b1%ce%b9-%cf%86%ce%b9%ce%bb%ce%b9%ce%ac-jasmine\/#primaryimage","url":"https:\/\/drogopharma.com\/wp-content\/uploads\/2025\/12\/Site_65225413-PRO-XM-HAND-JASM-LIP-BL.CUR25-copy.jpg","contentUrl":"https:\/\/drogopharma.com\/wp-content\/uploads\/2025\/12\/Site_65225413-PRO-XM-HAND-JASM-LIP-BL.CUR25-copy.jpg","width":1600,"height":1600},{"@type":"BreadcrumbList","@id":"https:\/\/drogopharma.com\/product\/%ce%b1%ce%b3%ce%ba%ce%b1%ce%bb%ce%b9%ce%ad%cf%82-%ce%ba%ce%b1%ce%b9-%cf%86%ce%b9%ce%bb%ce%b9%ce%ac-jasmine\/#breadcrumb","itemListElement":[{"@type":"ListItem","position":1,"name":"Home","item":"https:\/\/drogopharma.com\/el\/"},{"@type":"ListItem","position":2,"name":"\u039a\u03b1\u03c4\u03ac\u03c3\u03c4\u03b7\u03bc\u03b1","item":"https:\/\/drogopharma.com\/el\/%ce%ba%ce%b1%cf%84%ce%ac%cf%83%cf%84%ce%b7%ce%bc%ce%b1\/"},{"@type":"ListItem","position":3,"name":"\u0391\u03b3\u03ba\u03b1\u03bb\u03b9\u03ad\u03c2 \u03ba\u03b1\u03b9 \u03c6\u03b9\u03bb\u03b9\u03ac Jasmine"}]},{"@type":"WebSite","@id":"https:\/\/drogopharma.com\/#website","url":"https:\/\/drogopharma.com\/","name":"Drogopharma Health & Beauty","description":"Drogopharma was founded in 1996, it is operates in importing health and beauty products, with main focus the import of natural products.","publisher":{"@id":"https:\/\/drogopharma.com\/#organization"},"potentialAction":[{"@type":"SearchAction","target":{"@type":"EntryPoint","urlTemplate":"https:\/\/drogopharma.com\/?s={search_term_string}"},"query-input":{"@type":"PropertyValueSpecification","valueRequired":true,"valueName":"search_term_string"}}],"inLanguage":"el"},{"@type":"Organization","@id":"https:\/\/drogopharma.com\/#organization","name":"Drogopharma Health & Beauty","url":"https:\/\/drogopharma.com\/","logo":{"@type":"ImageObject","inLanguage":"el","@id":"https:\/\/drogopharma.com\/#\/schema\/logo\/image\/","url":"https:\/\/drogopharma.com\/wp-content\/uploads\/2026\/01\/cropped-logo-30-years_white.png","contentUrl":"https:\/\/drogopharma.com\/wp-content\/uploads\/2026\/01\/cropped-logo-30-years_white.png","width":890,"height":481,"caption":"Drogopharma Health & Beauty"},"image":{"@id":"https:\/\/drogopharma.com\/#\/schema\/logo\/image\/"},"sameAs":["https:\/\/www.facebook.com\/drogopharma.health.beauty\/","https:\/\/www.linkedin.com\/company\/drogopharma-health-beauty\/"]}]}},"_links":{"self":[{"href":"https:\/\/drogopharma.com\/el\/wp-json\/wp\/v2\/product\/20453","targetHints":{"allow":["GET"]}}],"collection":[{"href":"https:\/\/drogopharma.com\/el\/wp-json\/wp\/v2\/product"}],"about":[{"href":"https:\/\/drogopharma.com\/el\/wp-json\/wp\/v2\/types\/product"}],"wp:featuredmedia":[{"embeddable":true,"href":"https:\/\/drogopharma.com\/el\/wp-json\/wp\/v2\/media\/19420"}],"wp:attachment":[{"href":"https:\/\/drogopharma.com\/el\/wp-json\/wp\/v2\/media?parent=20453"}],"wp:term":[{"taxonomy":"product_brand","embeddable":true,"href":"https:\/\/drogopharma.com\/el\/wp-json\/wp\/v2\/product_brand?post=20453"},{"taxonomy":"product_cat","embeddable":true,"href":"https:\/\/drogopharma.com\/el\/wp-json\/wp\/v2\/product_cat?post=20453"},{"taxonomy":"product_tag","embeddable":true,"href":"https:\/\/drogopharma.com\/el\/wp-json\/wp\/v2\/product_tag?post=20453"},{"taxonomy":"giftcard-category","embeddable":true,"href":"https:\/\/drogopharma.com\/el\/wp-json\/wp\/v2\/giftcard-category?post=20453"}],"curies":[{"name":"wp","href":"https:\/\/api.w.org\/{rel}","templated":true}]}}